{"id":576,"date":"2024-02-20T18:36:39","date_gmt":"2024-02-20T21:36:39","guid":{"rendered":"https:\/\/centerminasph.com.br\/novo\/?page_id=576"},"modified":"2024-02-20T18:36:39","modified_gmt":"2024-02-20T21:36:39","slug":"politica-de-reservas","status":"publish","type":"page","link":"https:\/\/centerminasph.com.br\/novo\/politica-de-reservas\/","title":{"rendered":"POL\u00cdTICA DE RESERVAS"},"content":{"rendered":"\n<p>POL\u00cdTICA DE RESERVAS<\/p>\n\n\n\n<p>EM EVENTOS:<\/p>\n\n\n\n<p>Todas as reservas em eventos ser\u00e3o cobradas<\/p>\n\n\n\n<p>100% das di\u00e1rias antecipadas para a confirma\u00e7\u00e3o da reserva.<\/p>\n\n\n\n<p><strong>POL\u00cdTICA DE CANCELAMENTO<\/strong><\/p>\n\n\n\n<p><strong>DE RESERVAS EM EVENTOS:<\/strong><\/p>\n\n\n\n<p><a><\/a>Cancelamentos de reservas em eventos<\/p>\n\n\n\n<p>ser\u00e1 devolvido 50% do valor total da(s) di\u00e1rias(s).<\/p>\n\n\n\n<p><strong>NO SHOW:<\/strong><\/p>\n\n\n\n<p>O n\u00e3o comparecimento do h\u00f3spede da reserva na data do check-in, implica o pagamento integral do valor da(s) di\u00e1ria(s) do per\u00edodo reservado.<\/p>\n","protected":false},"excerpt":{"rendered":"<p>POL\u00cdTICA DE RESERVAS EM EVENTOS: Todas as reservas em eventos ser\u00e3o cobradas 100% das di\u00e1rias antecipadas para a confirma\u00e7\u00e3o da reserva. POL\u00cdTICA DE CANCELAMENTO DE RESERVAS EM EVENTOS: Cancelamentos de reservas em eventos ser\u00e1 devolvido 50% do valor total da(s) di\u00e1rias(s). NO SHOW: O n\u00e3o comparecimento do h\u00f3spede da reserva na data do check-in, implica [&hellip;]<\/p>\n","protected":false},"author":1,"featured_media":0,"parent":0,"menu_order":0,"comment_status":"closed","ping_status":"closed","template":"","meta":{"footnotes":""},"class_list":["post-576","page","type-page","status-publish","hentry"],"_links":{"self":[{"href":"https:\/\/centerminasph.com.br\/novo\/wp-json\/wp\/v2\/pages\/576","targetHints":{"allow":["GET"]}}],"collection":[{"href":"https:\/\/centerminasph.com.br\/novo\/wp-json\/wp\/v2\/pages"}],"about":[{"href":"https:\/\/centerminasph.com.br\/novo\/wp-json\/wp\/v2\/types\/page"}],"author":[{"embeddable":true,"href":"https:\/\/centerminasph.com.br\/novo\/wp-json\/wp\/v2\/users\/1"}],"replies":[{"embeddable":true,"href":"https:\/\/centerminasph.com.br\/novo\/wp-json\/wp\/v2\/comments?post=576"}],"version-history":[{"count":1,"href":"https:\/\/centerminasph.com.br\/novo\/wp-json\/wp\/v2\/pages\/576\/revisions"}],"predecessor-version":[{"id":577,"href":"https:\/\/centerminasph.com.br\/novo\/wp-json\/wp\/v2\/pages\/576\/revisions\/577"}],"wp:attachment":[{"href":"https:\/\/centerminasph.com.br\/novo\/wp-json\/wp\/v2\/media?parent=576"}],"curies":[{"name":"wp","href":"https:\/\/api.w.org\/{rel}","templated":true}]}}