{"id":388,"date":"2019-11-03T22:24:24","date_gmt":"2019-11-04T01:24:24","guid":{"rendered":"http:\/\/centerminasph.com.br\/novo\/?page_id=388"},"modified":"2019-11-03T22:24:25","modified_gmt":"2019-11-04T01:24:25","slug":"turismo-religioso","status":"publish","type":"page","link":"https:\/\/centerminasph.com.br\/novo\/turismo-religioso\/","title":{"rendered":"Turismo Religioso"},"content":{"rendered":"\n<figure class=\"wp-block-image\"><img fetchpriority=\"high\" decoding=\"async\" width=\"600\" height=\"405\" src=\"https:\/\/centerminasph.com.br\/novo\/wp-content\/uploads\/2019\/11\/bannersaogeraldo.png\" alt=\"\" class=\"wp-image-389\" srcset=\"https:\/\/centerminasph.com.br\/novo\/wp-content\/uploads\/2019\/11\/bannersaogeraldo.png 600w, https:\/\/centerminasph.com.br\/novo\/wp-content\/uploads\/2019\/11\/bannersaogeraldo-300x203.png 300w\" sizes=\"(max-width: 600px) 100vw, 600px\" \/><\/figure>\n\n\n\n<p>O padroeiro de Curvelo \u00e9 Santo Ant\u00f4nio, mas \u00e9\u00a0<strong>S\u00e3o Geraldo<\/strong>\u00a0quem atrai para a cidade uma das maiores romarias do Brasil, a\u00a0<strong>\u201cOitava de S\u00e3o Geraldo<\/strong>\u201c. A festa traz romeiros de todo o pa\u00eds. \u00c9 realizada entre a\u00a0\u00faltima semana de Agosto e a primeira de Setembro.\u00a0A Oitava \u00e9 uma demonstra\u00e7\u00e3o de devo\u00e7\u00e3o a aquele que \u00e9 conhecido na cidade como Santo Milagreiro. Com extensa programa\u00e7\u00e3o religiosa e diversas atra\u00e7\u00f5es festivas, a \u201cFesta de S\u00e3o Geraldo\u201d \u00e9 uma das maiores atra\u00e7\u00f5es tur\u00edsticas da cidade. Milhares de pessoas participam todos os anos.<\/p>\n\n\n\n<p>Vista interna da<br>Bas\u00edlica de S\u00e3o Geraldo<\/p>\n\n\n\n<figure class=\"wp-block-image\"><img decoding=\"async\" width=\"600\" height=\"397\" src=\"https:\/\/centerminasph.com.br\/novo\/wp-content\/uploads\/2019\/11\/matriz.png\" alt=\"\" class=\"wp-image-390\" srcset=\"https:\/\/centerminasph.com.br\/novo\/wp-content\/uploads\/2019\/11\/matriz.png 600w, https:\/\/centerminasph.com.br\/novo\/wp-content\/uploads\/2019\/11\/matriz-300x199.png 300w\" sizes=\"(max-width: 600px) 100vw, 600px\" \/><\/figure>\n\n\n\n<figure class=\"wp-block-image\"><img decoding=\"async\" width=\"174\" height=\"231\" src=\"https:\/\/centerminasph.com.br\/novo\/wp-content\/uploads\/2019\/11\/basilica.jpg\" alt=\"\" class=\"wp-image-391\"\/><\/figure>\n","protected":false},"excerpt":{"rendered":"<p>O padroeiro de Curvelo \u00e9 Santo Ant\u00f4nio, mas \u00e9\u00a0S\u00e3o Geraldo\u00a0quem atrai para a cidade uma das maiores romarias do Brasil, a\u00a0\u201cOitava de S\u00e3o Geraldo\u201c. A festa traz romeiros de todo o pa\u00eds. \u00c9 realizada entre a\u00a0\u00faltima semana de Agosto e a primeira de Setembro.\u00a0A Oitava \u00e9 uma demonstra\u00e7\u00e3o de devo\u00e7\u00e3o a aquele que \u00e9 conhecido [&hellip;]<\/p>\n","protected":false},"author":1,"featured_media":0,"parent":0,"menu_order":0,"comment_status":"closed","ping_status":"closed","template":"","meta":{"footnotes":""},"class_list":["post-388","page","type-page","status-publish","hentry"],"_links":{"self":[{"href":"https:\/\/centerminasph.com.br\/novo\/wp-json\/wp\/v2\/pages\/388","targetHints":{"allow":["GET"]}}],"collection":[{"href":"https:\/\/centerminasph.com.br\/novo\/wp-json\/wp\/v2\/pages"}],"about":[{"href":"https:\/\/centerminasph.com.br\/novo\/wp-json\/wp\/v2\/types\/page"}],"author":[{"embeddable":true,"href":"https:\/\/centerminasph.com.br\/novo\/wp-json\/wp\/v2\/users\/1"}],"replies":[{"embeddable":true,"href":"https:\/\/centerminasph.com.br\/novo\/wp-json\/wp\/v2\/comments?post=388"}],"version-history":[{"count":1,"href":"https:\/\/centerminasph.com.br\/novo\/wp-json\/wp\/v2\/pages\/388\/revisions"}],"predecessor-version":[{"id":392,"href":"https:\/\/centerminasph.com.br\/novo\/wp-json\/wp\/v2\/pages\/388\/revisions\/392"}],"wp:attachment":[{"href":"https:\/\/centerminasph.com.br\/novo\/wp-json\/wp\/v2\/media?parent=388"}],"curies":[{"name":"wp","href":"https:\/\/api.w.org\/{rel}","templated":true}]}}