{"id":249,"date":"2019-11-02T15:20:38","date_gmt":"2019-11-02T18:20:38","guid":{"rendered":"http:\/\/centerminasph.com.br\/novo\/?page_id=249"},"modified":"2022-03-22T10:44:08","modified_gmt":"2022-03-22T13:44:08","slug":"eventos","status":"publish","type":"page","link":"https:\/\/centerminasph.com.br\/novo\/eventos\/","title":{"rendered":"Eventos"},"content":{"rendered":"\t\t<div data-elementor-type=\"wp-page\" data-elementor-id=\"249\" class=\"elementor elementor-249\" data-elementor-post-type=\"page\">\n\t\t\t\t\t\t<section class=\"elementor-section elementor-top-section elementor-element elementor-element-5dfc014b elementor-section-boxed elementor-section-height-default elementor-section-height-default\" data-id=\"5dfc014b\" data-element_type=\"section\" data-e-type=\"section\">\n\t\t\t\t\t\t<div class=\"elementor-container elementor-column-gap-default\">\n\t\t\t\t\t<div class=\"elementor-column elementor-col-100 elementor-top-column elementor-element elementor-element-271da11f\" data-id=\"271da11f\" data-element_type=\"column\" data-e-type=\"column\">\n\t\t\t<div class=\"elementor-widget-wrap elementor-element-populated\">\n\t\t\t\t\t\t<div class=\"elementor-element elementor-element-3ae51eb6 elementor-widget elementor-widget-text-editor\" data-id=\"3ae51eb6\" data-element_type=\"widget\" data-e-type=\"widget\" data-widget_type=\"text-editor.default\">\n\t\t\t\t<div class=\"elementor-widget-container\">\n\t\t\t\t\t\t\t\t\t\n<p><strong>Eventos<\/strong>&nbsp;\u2013 H\u00e1 muitas festas tradicionais em Curvelo. O&nbsp;<strong>Moto Show<\/strong>&nbsp;que se realiza no in\u00edcio do m\u00eas de maio, \u00e9 o encontro entre grupos de motociclistas de v\u00e1rios lugares de nossa regi\u00e3o e do Brasil. &nbsp;Nos encontros acontecem shows a estilo do evento com a presen\u00e7a de artistas e bandas de todo pa\u00eds.<\/p>\n\n\n\n<p>A&nbsp;<strong>Exposi\u00e7\u00e3o Agropecu\u00e1ria<\/strong>&nbsp;que acontece tamb\u00e9m no m\u00eas de Maio, movimenta bastante o agroneg\u00f3cio, com as exposi\u00e7\u00f5es e leil\u00f5es de gados, realizados pela AMCZ. Neste evento, artistas e bandas de todos os lugares tamb\u00e9m se apresentam.<\/p>\n\n\n\n<p>A festa que realmente movimenta a cidade e recebe um enorme n\u00famero de turistas \u00e9 o&nbsp;<strong>Forr\u00f3<\/strong>, com \u00f3timos shows, barracas beneficentes, comidas diversas e muita gente bonita.<\/p>\n\n\n\n<p>Curvelo \u00e9 uma cidade religiosa, nos meses de setembro e outubro acontece a&nbsp;<strong>festa de S\u00e3o Geraldo<\/strong>, que recebe romeiros de v\u00e1rios estados do nosso pa\u00eds e movimenta consideravelmente o com\u00e9rcio da cidade, em todos os setores.<\/p>\n\n\n\n<p>Venha curtir os eventos de nossa Curvelo!<\/p>\n\n\n\n<p>Sempre estaremos de portas abertas para voc\u00ea!<\/p>\n\n\n\n<p><strong>&nbsp; &nbsp; &nbsp; &nbsp; &nbsp; &nbsp; &nbsp; &nbsp; &nbsp; &nbsp; &nbsp; &nbsp; &nbsp; &nbsp; &nbsp; &nbsp; &nbsp; &nbsp; &nbsp; &nbsp; &nbsp; &nbsp; &nbsp; &nbsp; &nbsp; &nbsp; &nbsp; &nbsp; &nbsp; &nbsp; &nbsp; &nbsp; &nbsp;Center Minas Palace Hotel<\/strong><\/p>\n\t\t\t\t\t\t\t\t<\/div>\n\t\t\t\t<\/div>\n\t\t\t\t\t<\/div>\n\t\t<\/div>\n\t\t\t\t\t<\/div>\n\t\t<\/section>\n\t\t\t\t<section class=\"elementor-section elementor-top-section elementor-element elementor-element-9fabf8b elementor-section-boxed elementor-section-height-default elementor-section-height-default\" data-id=\"9fabf8b\" data-element_type=\"section\" data-e-type=\"section\">\n\t\t\t\t\t\t<div class=\"elementor-container elementor-column-gap-default\">\n\t\t\t\t\t<div class=\"elementor-column elementor-col-100 elementor-top-column elementor-element elementor-element-a02a549\" data-id=\"a02a549\" data-element_type=\"column\" data-e-type=\"column\">\n\t\t\t<div class=\"elementor-widget-wrap elementor-element-populated\">\n\t\t\t\t\t\t<div class=\"elementor-element elementor-element-aeb79c2 elementor-widget elementor-widget-spacer\" data-id=\"aeb79c2\" data-element_type=\"widget\" data-e-type=\"widget\" data-widget_type=\"spacer.default\">\n\t\t\t\t<div class=\"elementor-widget-container\">\n\t\t\t\t\t\t\t<div class=\"elementor-spacer\">\n\t\t\t<div class=\"elementor-spacer-inner\"><\/div>\n\t\t<\/div>\n\t\t\t\t\t\t<\/div>\n\t\t\t\t<\/div>\n\t\t\t\t\t<\/div>\n\t\t<\/div>\n\t\t\t\t\t<\/div>\n\t\t<\/section>\n\t\t\t\t<\/div>\n\t\t","protected":false},"excerpt":{"rendered":"<p>Eventos&nbsp;\u2013 H\u00e1 muitas festas tradicionais em Curvelo. O&nbsp;Moto Show&nbsp;que se realiza no in\u00edcio do m\u00eas de maio, \u00e9 o encontro entre grupos de motociclistas de v\u00e1rios lugares de nossa regi\u00e3o e do Brasil. &nbsp;Nos encontros acontecem shows a estilo do evento com a presen\u00e7a de artistas e bandas de todo pa\u00eds. A&nbsp;Exposi\u00e7\u00e3o Agropecu\u00e1ria&nbsp;que acontece tamb\u00e9m [&hellip;]<\/p>\n","protected":false},"author":1,"featured_media":0,"parent":0,"menu_order":0,"comment_status":"closed","ping_status":"closed","template":"","meta":{"footnotes":""},"class_list":["post-249","page","type-page","status-publish","hentry"],"_links":{"self":[{"href":"https:\/\/centerminasph.com.br\/novo\/wp-json\/wp\/v2\/pages\/249","targetHints":{"allow":["GET"]}}],"collection":[{"href":"https:\/\/centerminasph.com.br\/novo\/wp-json\/wp\/v2\/pages"}],"about":[{"href":"https:\/\/centerminasph.com.br\/novo\/wp-json\/wp\/v2\/types\/page"}],"author":[{"embeddable":true,"href":"https:\/\/centerminasph.com.br\/novo\/wp-json\/wp\/v2\/users\/1"}],"replies":[{"embeddable":true,"href":"https:\/\/centerminasph.com.br\/novo\/wp-json\/wp\/v2\/comments?post=249"}],"version-history":[{"count":4,"href":"https:\/\/centerminasph.com.br\/novo\/wp-json\/wp\/v2\/pages\/249\/revisions"}],"predecessor-version":[{"id":557,"href":"https:\/\/centerminasph.com.br\/novo\/wp-json\/wp\/v2\/pages\/249\/revisions\/557"}],"wp:attachment":[{"href":"https:\/\/centerminasph.com.br\/novo\/wp-json\/wp\/v2\/media?parent=249"}],"curies":[{"name":"wp","href":"https:\/\/api.w.org\/{rel}","templated":true}]}}