{"id":215,"date":"2015-03-14T16:04:07","date_gmt":"2015-03-14T16:04:07","guid":{"rendered":"http:\/\/jorritabrahams.nl\/starhotel-wp\/?page_id=8"},"modified":"2022-03-22T10:40:04","modified_gmt":"2022-03-22T13:40:04","slug":"home","status":"publish","type":"page","link":"https:\/\/centerminasph.com.br\/novo\/","title":{"rendered":"Home"},"content":{"rendered":"<div class=\"wpb-content-wrapper\">\t\t<div data-elementor-type=\"wp-page\" data-elementor-id=\"215\" class=\"elementor elementor-215\" data-elementor-post-type=\"page\">\n\t\t\t\t\t\t<section class=\"elementor-section elementor-top-section elementor-element elementor-element-10ebc05c elementor-section-boxed elementor-section-height-default elementor-section-height-default\" data-id=\"10ebc05c\" data-element_type=\"section\" data-e-type=\"section\">\n\t\t\t\t\t\t<div class=\"elementor-container elementor-column-gap-default\">\n\t\t\t\t\t<div class=\"elementor-column elementor-col-100 elementor-top-column elementor-element elementor-element-35aae4e6\" data-id=\"35aae4e6\" data-element_type=\"column\" data-e-type=\"column\">\n\t\t\t<div class=\"elementor-widget-wrap elementor-element-populated\">\n\t\t\t\t\t\t<div class=\"elementor-element elementor-element-7ca2c17e elementor-widget elementor-widget-text-editor\" data-id=\"7ca2c17e\" data-element_type=\"widget\" data-e-type=\"widget\" data-widget_type=\"text-editor.default\">\n\t\t\t\t<div class=\"elementor-widget-container\">\n\t\t\t\t\t\t\t\t\t[vc_row][vc_column][vc_column_text]&nbsp;\n\n<span style=\"font-weight: 400;\">O\u00a0<\/span><b>Center Minas Palace Hotel<\/b><span style=\"font-weight: 400;\">\u00a0recebe voc\u00ea em uma das melhores localiza\u00e7\u00f5es da cidade com muita sofistica\u00e7\u00e3o, requinte e conforto, distribu\u00eddos em seus 70 apartamentos, sal\u00e3o de conven\u00e7\u00f5es que acomodam 132 pessoas, moderno elevador, garagem segura para <\/span>\n\n<span style=\"font-weight: 400;\">seu ve\u00edculo, internet wireless e \u00e1rea de lazer, quiosque com piscina.\u00a0<\/span>\n\n<span style=\"font-weight: 400;\">A infraestrutura do Center Minas \u00e9 ideal para eventos e para o \u201cTurismo de Neg\u00f3cios\u201d. Na regi\u00e3o \u00e9 uma \u00f3tima op\u00e7\u00e3o com capacidade de atender a necessidade de pequenos, m\u00e9dios e grandes eventos.<\/span>\n\n<span style=\"font-weight: 400;\">A qualidade dos servi\u00e7os prestados no atendimento, na limpeza, no gostoso e diverso caf\u00e9 da manh\u00e3 s\u00e3o caracter\u00edsticas essenciais do Center Minas.<\/span>\n\n<span style=\"font-weight: 400;\">\n<\/span> <span style=\"font-weight: 400;\">Todos os benef\u00edcios aqui oferecidos \u2013 qualidade, lazer, sa\u00fade e cordialidade no servi\u00e7o, garantem uma boa estadia a trabalho ou a passeio na nossa hospitaleira cidade.<\/span>\n\n<span style=\"font-weight: 400;\">PRE\u00c7OS ESPECIAIS PARA FINS DE SEMANA. ENTRE EM CONTATO COM O HOTEL.<\/span>\n\n<span style=\"font-weight: 400;\">.<img decoding=\"async\" class=\"size-full wp-image-512 alignright\" src=\"https:\/\/centerminasph.com.br\/novo\/wp-content\/uploads\/2020\/12\/13-1.png\" alt=\"\" width=\"100\" height=\"124\" \/><\/span>[\/vc_column_text][\/vc_column][\/vc_row][vc_row][vc_column][vc_images_carousel images=&#8221;444,445,446,447,448,449,452,453,454&#8243; autoplay=&#8221;yes&#8221; wrap=&#8221;yes&#8221; css_animation=&#8221;bounceIn&#8221; title=&#8221;Eventos em Curvelo&#8221;]\n        <h2 class=\"lined-heading mt50\">\n            <span>\n            Galeria de Fotos\n            <\/span>\n        <\/h2>\n        [vc_gallery type=&#8221;image_grid&#8221; images=&#8221;350,351,352,353,354,355,356,357,358,359,360,361,362,363,364,365,366,367,368,369,370,371,372,373,374,375,376,377,378,379,380,381,382,383,384,385&#8243;][\/vc_column][\/vc_row]\t\t\t\t\t\t\t\t<\/div>\n\t\t\t\t<\/div>\n\t\t\t\t\t<\/div>\n\t\t<\/div>\n\t\t\t\t\t<\/div>\n\t\t<\/section>\n\t\t\t\t<section class=\"elementor-section elementor-top-section elementor-element elementor-element-a7e9f21 elementor-section-boxed elementor-section-height-default elementor-section-height-default\" data-id=\"a7e9f21\" data-element_type=\"section\" data-e-type=\"section\">\n\t\t\t\t\t\t<div class=\"elementor-container elementor-column-gap-default\">\n\t\t\t\t\t<div class=\"elementor-column elementor-col-100 elementor-top-column elementor-element elementor-element-3215f71\" data-id=\"3215f71\" data-element_type=\"column\" data-e-type=\"column\">\n\t\t\t<div class=\"elementor-widget-wrap elementor-element-populated\">\n\t\t\t\t\t\t<div class=\"elementor-element elementor-element-abf9f68 elementor-widget elementor-widget-spacer\" data-id=\"abf9f68\" data-element_type=\"widget\" data-e-type=\"widget\" data-widget_type=\"spacer.default\">\n\t\t\t\t<div class=\"elementor-widget-container\">\n\t\t\t\t\t\t\t<div class=\"elementor-spacer\">\n\t\t\t<div class=\"elementor-spacer-inner\"><\/div>\n\t\t<\/div>\n\t\t\t\t\t\t<\/div>\n\t\t\t\t<\/div>\n\t\t\t\t\t<\/div>\n\t\t<\/div>\n\t\t\t\t\t<\/div>\n\t\t<\/section>\n\t\t\t\t<\/div>\n\t\t<\/div>","protected":false},"excerpt":{"rendered":"<p>[vc_row][vc_column][vc_column_text]&nbsp; O\u00a0Center Minas Palace Hotel\u00a0recebe voc\u00ea em uma das melhores localiza\u00e7\u00f5es da cidade com muita sofistica\u00e7\u00e3o, requinte e conforto, distribu\u00eddos em seus 70 apartamentos, sal\u00e3o de conven\u00e7\u00f5es que acomodam 132 pessoas, moderno elevador, garagem segura para seu ve\u00edculo, internet wireless e \u00e1rea de lazer, quiosque com piscina.\u00a0 A infraestrutura do Center Minas \u00e9 ideal para [&hellip;]<\/p>\n","protected":false},"author":1,"featured_media":0,"parent":0,"menu_order":0,"comment_status":"open","ping_status":"open","template":"page-slider-reservation.php","meta":{"footnotes":""},"class_list":["post-215","page","type-page","status-publish","hentry"],"_links":{"self":[{"href":"https:\/\/centerminasph.com.br\/novo\/wp-json\/wp\/v2\/pages\/215","targetHints":{"allow":["GET"]}}],"collection":[{"href":"https:\/\/centerminasph.com.br\/novo\/wp-json\/wp\/v2\/pages"}],"about":[{"href":"https:\/\/centerminasph.com.br\/novo\/wp-json\/wp\/v2\/types\/page"}],"author":[{"embeddable":true,"href":"https:\/\/centerminasph.com.br\/novo\/wp-json\/wp\/v2\/users\/1"}],"replies":[{"embeddable":true,"href":"https:\/\/centerminasph.com.br\/novo\/wp-json\/wp\/v2\/comments?post=215"}],"version-history":[{"count":29,"href":"https:\/\/centerminasph.com.br\/novo\/wp-json\/wp\/v2\/pages\/215\/revisions"}],"predecessor-version":[{"id":551,"href":"https:\/\/centerminasph.com.br\/novo\/wp-json\/wp\/v2\/pages\/215\/revisions\/551"}],"wp:attachment":[{"href":"https:\/\/centerminasph.com.br\/novo\/wp-json\/wp\/v2\/media?parent=215"}],"curies":[{"name":"wp","href":"https:\/\/api.w.org\/{rel}","templated":true}]}}